{"id":16,"date":"2026-01-18T09:53:41","date_gmt":"2026-01-18T09:53:41","guid":{"rendered":"http:\/\/pretspourdemain2026.com\/?page_id=16"},"modified":"2026-02-04T13:42:25","modified_gmt":"2026-02-04T13:42:25","slug":"home","status":"publish","type":"page","link":"https:\/\/pretspourdemain2026.com\/","title":{"rendered":"Page d\u2019accueil"},"content":{"rendered":"\n<figure class=\"wp-block-image size-full\"><img loading=\"lazy\" decoding=\"async\" width=\"715\" height=\"100\" src=\"http:\/\/pretspourdemain2026.com\/wp-content\/uploads\/2026\/01\/Capture-decran-2026-01-21-a-11.38.48.png\" alt=\"\" class=\"wp-image-183\" srcset=\"https:\/\/pretspourdemain2026.com\/wp-content\/uploads\/2026\/01\/Capture-decran-2026-01-21-a-11.38.48.png 715w, https:\/\/pretspourdemain2026.com\/wp-content\/uploads\/2026\/01\/Capture-decran-2026-01-21-a-11.38.48-300x42.png 300w\" sizes=\"auto, (max-width: 715px) 100vw, 715px\" \/><\/figure>\n\n\n\n<div class=\"wp-block-cover alignfull is-light has-x-large-font-size\" style=\"min-height:100vh;aspect-ratio:unset;\"><img loading=\"lazy\" decoding=\"async\" width=\"2471\" height=\"934\" class=\"wp-block-cover__image-background wp-image-164 size-full\" alt=\"\" src=\"http:\/\/pretspourdemain2026.com\/wp-content\/uploads\/2026\/01\/Capture-decran-2026-01-21-a-11.21.12.png\" style=\"object-position:26% 46%\" data-object-fit=\"cover\" data-object-position=\"26% 46%\" srcset=\"https:\/\/pretspourdemain2026.com\/wp-content\/uploads\/2026\/01\/Capture-decran-2026-01-21-a-11.21.12.png 2471w, https:\/\/pretspourdemain2026.com\/wp-content\/uploads\/2026\/01\/Capture-decran-2026-01-21-a-11.21.12-300x113.png 300w, https:\/\/pretspourdemain2026.com\/wp-content\/uploads\/2026\/01\/Capture-decran-2026-01-21-a-11.21.12-1024x387.png 1024w, https:\/\/pretspourdemain2026.com\/wp-content\/uploads\/2026\/01\/Capture-decran-2026-01-21-a-11.21.12-768x290.png 768w, https:\/\/pretspourdemain2026.com\/wp-content\/uploads\/2026\/01\/Capture-decran-2026-01-21-a-11.21.12-1536x581.png 1536w, https:\/\/pretspourdemain2026.com\/wp-content\/uploads\/2026\/01\/Capture-decran-2026-01-21-a-11.21.12-2048x774.png 2048w\" sizes=\"auto, (max-width: 2471px) 100vw, 2471px\" \/><span aria-hidden=\"true\" class=\"wp-block-cover__background has-background-dim-0 has-background-dim\" style=\"background-color:#868ea8\"><\/span><div class=\"wp-block-cover__inner-container is-layout-constrained wp-block-cover-is-layout-constrained\">\n<p style=\"padding-top:0;padding-bottom:0\"><\/p>\n\n\n\n<p class=\"has-text-align-left has-ast-global-color-1-color has-text-color has-link-color has-large-font-size wp-elements-0b095eb66f5a8fe7e1c3a0b1393559b0\"><strong>Thierry DEVILLE, Bernard PECOU<\/strong><\/p>\n<\/div><\/div>\n\n\n\n<figure class=\"wp-block-image aligncenter size-large\"><img loading=\"lazy\" decoding=\"async\" width=\"1024\" height=\"107\" src=\"http:\/\/pretspourdemain2026.com\/wp-content\/uploads\/2026\/01\/Capture-decran-2026-01-21-a-10.22.01-1024x107.png\" alt=\"\" class=\"wp-image-148\" srcset=\"https:\/\/pretspourdemain2026.com\/wp-content\/uploads\/2026\/01\/Capture-decran-2026-01-21-a-10.22.01-1024x107.png 1024w, https:\/\/pretspourdemain2026.com\/wp-content\/uploads\/2026\/01\/Capture-decran-2026-01-21-a-10.22.01-300x31.png 300w, https:\/\/pretspourdemain2026.com\/wp-content\/uploads\/2026\/01\/Capture-decran-2026-01-21-a-10.22.01-768x80.png 768w, https:\/\/pretspourdemain2026.com\/wp-content\/uploads\/2026\/01\/Capture-decran-2026-01-21-a-10.22.01-1536x161.png 1536w, https:\/\/pretspourdemain2026.com\/wp-content\/uploads\/2026\/01\/Capture-decran-2026-01-21-a-10.22.01-2048x214.png 2048w\" sizes=\"auto, (max-width: 1024px) 100vw, 1024px\" \/><\/figure>\n\n\n\n<figure class=\"wp-block-embed is-type-video is-provider-tiktok wp-block-embed-tiktok\"><div class=\"wp-block-embed__wrapper\">\n<blockquote class=\"tiktok-embed\" cite=\"https:\/\/www.tiktok.com\/@thierrydeville2026\/video\/7594033681967238422\" data-video-id=\"7594033681967238422\" data-embed-from=\"oembed\" style=\"max-width:605px; min-width:325px;\"> <section> <a target=\"_blank\" title=\"@thierrydeville2026\" href=\"https:\/\/www.tiktok.com\/@thierrydeville2026?refer=embed\">@thierrydeville2026<\/a> <p>Thierry DEVILLE &#8211; Qui suis-je? municipales2026 <a title=\"pr\u00eatspourdemain\" target=\"_blank\" href=\"https:\/\/www.tiktok.com\/tag\/pr%C3%AAtspourdemain?refer=embed\">#Pr\u00eatsPourDemain<\/a><\/p> <a target=\"_blank\" title=\"\u266c son original - Thierry Deville 2026 - Thierry Deville 2026\" href=\"https:\/\/www.tiktok.com\/music\/son-original-Thierry-Deville-2026-7594033957247814402?refer=embed\">\u266c son original &#8211; Thierry Deville 2026 &#8211; Thierry Deville 2026<\/a> <\/section> <\/blockquote> <script async src=\"https:\/\/www.tiktok.com\/embed.js\"><\/script>\n<\/div><\/figure>\n\n\n\n<div class=\"wp-block-group alignfull is-layout-constrained wp-container-core-group-is-layout-45b0ac4f wp-block-group-is-layout-constrained\" id=\"services\" style=\"padding-top:144px;padding-bottom:0px\">\n<h2 class=\"wp-block-heading\">Trois piliers<\/h2>\n\n\n\n<div class=\"wp-block-columns is-layout-flex wp-container-core-columns-is-layout-60cbf9bb wp-block-columns-is-layout-flex\" style=\"margin-top:50px\">\n<div class=\"wp-block-column is-layout-flow wp-container-core-column-is-layout-6b73ce23 wp-block-column-is-layout-flow\">\n<figure class=\"wp-block-image size-full\"><img loading=\"lazy\" decoding=\"async\" width=\"1707\" height=\"2560\" src=\"http:\/\/pretspourdemain2026.com\/wp-content\/uploads\/2026\/01\/BX0A6288-scaled.jpg\" alt=\"\" class=\"wp-image-108\" srcset=\"https:\/\/pretspourdemain2026.com\/wp-content\/uploads\/2026\/01\/BX0A6288-scaled.jpg 1707w, https:\/\/pretspourdemain2026.com\/wp-content\/uploads\/2026\/01\/BX0A6288-200x300.jpg 200w, https:\/\/pretspourdemain2026.com\/wp-content\/uploads\/2026\/01\/BX0A6288-683x1024.jpg 683w, https:\/\/pretspourdemain2026.com\/wp-content\/uploads\/2026\/01\/BX0A6288-768x1152.jpg 768w, https:\/\/pretspourdemain2026.com\/wp-content\/uploads\/2026\/01\/BX0A6288-1024x1536.jpg 1024w, https:\/\/pretspourdemain2026.com\/wp-content\/uploads\/2026\/01\/BX0A6288-1365x2048.jpg 1365w\" sizes=\"auto, (max-width: 1707px) 100vw, 1707px\" \/><\/figure>\n\n\n\n<h3 class=\"wp-block-heading has-ast-global-color-7-color has-text-color has-link-color wp-elements-b97d02c565e6191fa1690712aebec149\" style=\"margin-top:16px\">S\u00e9curit\u00e9<\/h3>\n\n\n\n<p>Pour une ville plus sure<\/p>\n<\/div>\n\n\n\n<div class=\"wp-block-column is-layout-flow wp-container-core-column-is-layout-6b73ce23 wp-block-column-is-layout-flow\">\n<figure class=\"wp-block-image size-full\"><img loading=\"lazy\" decoding=\"async\" width=\"1707\" height=\"2560\" src=\"http:\/\/pretspourdemain2026.com\/wp-content\/uploads\/2026\/01\/BX0A6161-scaled.jpg\" alt=\"\" class=\"wp-image-110\" srcset=\"https:\/\/pretspourdemain2026.com\/wp-content\/uploads\/2026\/01\/BX0A6161-scaled.jpg 1707w, https:\/\/pretspourdemain2026.com\/wp-content\/uploads\/2026\/01\/BX0A6161-200x300.jpg 200w, https:\/\/pretspourdemain2026.com\/wp-content\/uploads\/2026\/01\/BX0A6161-683x1024.jpg 683w, https:\/\/pretspourdemain2026.com\/wp-content\/uploads\/2026\/01\/BX0A6161-768x1152.jpg 768w, https:\/\/pretspourdemain2026.com\/wp-content\/uploads\/2026\/01\/BX0A6161-1024x1536.jpg 1024w, https:\/\/pretspourdemain2026.com\/wp-content\/uploads\/2026\/01\/BX0A6161-1365x2048.jpg 1365w\" sizes=\"auto, (max-width: 1707px) 100vw, 1707px\" \/><\/figure>\n\n\n\n<h3 class=\"wp-block-heading has-ast-global-color-7-color has-text-color has-link-color wp-elements-78bda128cae0db15ecf127710daff83f\" style=\"margin-top:16px\">Syst\u00e8me de sant\u00e9<\/h3>\n\n\n\n<p>B\u00e2tir ensemble le nouvel h\u00f4pital et am\u00e9liorer l&#8217;acc\u00e8s aux soins<\/p>\n<\/div>\n\n\n\n<div class=\"wp-block-column is-layout-flow wp-container-core-column-is-layout-6b73ce23 wp-block-column-is-layout-flow\">\n<figure class=\"wp-block-image size-full\"><img loading=\"lazy\" decoding=\"async\" width=\"1707\" height=\"2560\" src=\"http:\/\/pretspourdemain2026.com\/wp-content\/uploads\/2026\/01\/BX0A6299-scaled.jpg\" alt=\"\" class=\"wp-image-107\" srcset=\"https:\/\/pretspourdemain2026.com\/wp-content\/uploads\/2026\/01\/BX0A6299-scaled.jpg 1707w, https:\/\/pretspourdemain2026.com\/wp-content\/uploads\/2026\/01\/BX0A6299-200x300.jpg 200w, https:\/\/pretspourdemain2026.com\/wp-content\/uploads\/2026\/01\/BX0A6299-683x1024.jpg 683w, https:\/\/pretspourdemain2026.com\/wp-content\/uploads\/2026\/01\/BX0A6299-768x1152.jpg 768w, https:\/\/pretspourdemain2026.com\/wp-content\/uploads\/2026\/01\/BX0A6299-1024x1536.jpg 1024w, https:\/\/pretspourdemain2026.com\/wp-content\/uploads\/2026\/01\/BX0A6299-1365x2048.jpg 1365w\" sizes=\"auto, (max-width: 1707px) 100vw, 1707px\" \/><\/figure>\n\n\n\n<h3 class=\"wp-block-heading has-ast-global-color-7-color has-text-color has-link-color wp-elements-85de892c48a848f5d48c2bb80aa9d075\" style=\"margin-top:16px\">Pr\u00e9parer l&#8217;explosion d\u00e9mographique<\/h3>\n\n\n\n<p>Montauban passera de 65000 \u00e0 130000 habitants en 4 ans.<\/p>\n<\/div>\n<\/div>\n<\/div>\n\n\n\n<div class=\"wp-block-group alignfull has-ast-global-color-5-background-color has-background is-layout-constrained wp-container-core-group-is-layout-94d206d0 wp-block-group-is-layout-constrained\" id=\"about\" style=\"padding-top:143px;padding-bottom:144px\">\n<div class=\"wp-block-media-text has-media-on-the-right is-stacked-on-mobile is-vertically-aligned-center\"><div class=\"wp-block-media-text__content\">\n<div class=\"inherit-container-width wp-block-group is-layout-constrained wp-container-core-group-is-layout-47ce07ec wp-block-group-is-layout-constrained\" style=\"padding-right:80px\">\n<h2 class=\"wp-block-heading\" style=\"padding-right:40px\">Une liste diversifi\u00e9e au plus proche des concitoyens<\/h2>\n\n\n\n<p>Test<\/p>\n\n\n\n<p>Test<\/p>\n<\/div>\n<\/div><figure class=\"wp-block-media-text__media\"><img loading=\"lazy\" decoding=\"async\" width=\"768\" height=\"1024\" src=\"http:\/\/pretspourdemain2026.com\/wp-content\/uploads\/2026\/01\/WhatsApp-Image-2026-01-17-at-10.30.24-6-768x1024.jpeg\" alt=\"\" class=\"wp-image-60 size-full\" srcset=\"https:\/\/pretspourdemain2026.com\/wp-content\/uploads\/2026\/01\/WhatsApp-Image-2026-01-17-at-10.30.24-6-768x1024.jpeg 768w, https:\/\/pretspourdemain2026.com\/wp-content\/uploads\/2026\/01\/WhatsApp-Image-2026-01-17-at-10.30.24-6-225x300.jpeg 225w, https:\/\/pretspourdemain2026.com\/wp-content\/uploads\/2026\/01\/WhatsApp-Image-2026-01-17-at-10.30.24-6-1152x1536.jpeg 1152w, https:\/\/pretspourdemain2026.com\/wp-content\/uploads\/2026\/01\/WhatsApp-Image-2026-01-17-at-10.30.24-6.jpeg 1536w\" sizes=\"auto, (max-width: 768px) 100vw, 768px\" \/><\/figure><\/div>\n<\/div>\n\n\n\n<div class=\"wp-block-group alignfull has-ast-global-color-4-background-color has-background is-layout-constrained wp-container-core-group-is-layout-6a2cfb7b wp-block-group-is-layout-constrained\" id=\"reviews\">\n<figure class=\"wp-block-image aligncenter size-full is-resized\"><img loading=\"lazy\" decoding=\"async\" width=\"427\" height=\"550\" src=\"http:\/\/pretspourdemain2026.com\/wp-content\/uploads\/2026\/01\/bp.png\" alt=\"\" class=\"wp-image-122\" style=\"width:290px;height:auto\" srcset=\"https:\/\/pretspourdemain2026.com\/wp-content\/uploads\/2026\/01\/bp.png 427w, https:\/\/pretspourdemain2026.com\/wp-content\/uploads\/2026\/01\/bp-233x300.png 233w\" sizes=\"auto, (max-width: 427px) 100vw, 427px\" \/><\/figure>\n\n\n\n<p class=\"has-text-align-center\" style=\"font-size:22px;line-height:1.6\">\u201cRejoindre cette liste \u00e9tait pour moi une \u00e9vidence.\u201d<\/p>\n\n\n\n<p class=\"has-text-align-center\"><strong>Bernard Pecou<\/strong><\/p>\n<\/div>\n\n\n\n<div class=\"wp-block-group alignfull has-background is-layout-constrained wp-container-core-group-is-layout-cfcca693 wp-block-group-is-layout-constrained\" id=\"contact\" style=\"background:linear-gradient(135deg,rgb(0,99,255) 0%,rgb(181,158,158) 100%);padding-top:104px;padding-bottom:104px\">\n<h2 class=\"wp-block-heading has-text-align-center has-text-color\" style=\"color:#ffffff\">Pr\u00e9parons l&#8217;avenir ensemble<\/h2>\n\n\n\n<div class=\"wp-block-buttons alignwide is-horizontal is-content-justification-center is-layout-flex wp-container-core-buttons-is-layout-bba8380a wp-block-buttons-is-layout-flex\" style=\"margin-top:50px\">\n<div class=\"wp-block-button\"><a class=\"wp-block-button__link wp-element-button\" href=\"http:\/\/pretspourdemain2026.com\/index.php\/participer-et-sexprimer\/\">Je veux m&#8217;investir<\/a><\/div>\n<\/div>\n<\/div>\n\n\n\n<p><\/p>\n","protected":false},"excerpt":{"rendered":"<p>Trois piliers S\u00e9curit\u00e9 Pour une ville plus sure Syst\u00e8me de sant\u00e9 B\u00e2tir ensemble le nouvel h\u00f4pital et am\u00e9liorer l&#8217;acc\u00e8s aux [&hellip;]<\/p>\n","protected":false},"author":1,"featured_media":0,"parent":0,"menu_order":0,"comment_status":"closed","ping_status":"closed","template":"","meta":{"site-sidebar-layout":"no-sidebar","site-content-layout":"plain-container","ast-site-content-layout":"default","site-content-style":"default","site-sidebar-style":"default","ast-global-header-display":"","ast-banner-title-visibility":"","ast-main-header-display":"","ast-hfb-above-header-display":"","ast-hfb-below-header-display":"","ast-hfb-mobile-header-display":"","site-post-title":"disabled","ast-breadcrumbs-content":"","ast-featured-img":"","footer-sml-layout":"","ast-disable-related-posts":"","theme-transparent-header-meta":"enabled","adv-header-id-meta":"","stick-header-meta":"","header-above-stick-meta":"","header-main-stick-meta":"","header-below-stick-meta":"","astra-migrate-meta-layouts":"default","ast-page-background-enabled":"default","ast-page-background-meta":{"desktop":{"background-color":"var(--ast-global-color-5)","background-image":"","background-repeat":"repeat","background-position":"center center","background-size":"auto","background-attachment":"scroll","background-type":"","background-media":"","overlay-type":"","overlay-color":"","overlay-opacity":"","overlay-gradient":""},"tablet":{"background-color":"","background-image":"","background-repeat":"repeat","background-position":"center center","background-size":"auto","background-attachment":"scroll","background-type":"","background-media":"","overlay-type":"","overlay-color":"","overlay-opacity":"","overlay-gradient":""},"mobile":{"background-color":"","background-image":"","background-repeat":"repeat","background-position":"center center","background-size":"auto","background-attachment":"scroll","background-type":"","background-media":"","overlay-type":"","overlay-color":"","overlay-opacity":"","overlay-gradient":""}},"ast-content-background-meta":{"desktop":{"background-color":"var(--ast-global-color-4)","background-image":"","background-repeat":"repeat","background-position":"center center","background-size":"auto","background-attachment":"scroll","background-type":"","background-media":"","overlay-type":"","overlay-color":"","overlay-opacity":"","overlay-gradient":""},"tablet":{"background-color":"var(--ast-global-color-4)","background-image":"","background-repeat":"repeat","background-position":"center center","background-size":"auto","background-attachment":"scroll","background-type":"","background-media":"","overlay-type":"","overlay-color":"","overlay-opacity":"","overlay-gradient":""},"mobile":{"background-color":"var(--ast-global-color-4)","background-image":"","background-repeat":"repeat","background-position":"center center","background-size":"auto","background-attachment":"scroll","background-type":"","background-media":"","overlay-type":"","overlay-color":"","overlay-opacity":"","overlay-gradient":""}},"footnotes":""},"class_list":["post-16","page","type-page","status-publish","hentry"],"yoast_head":"<!-- This site is optimized with the Yoast SEO plugin v26.8 - https:\/\/yoast.com\/product\/yoast-seo-wordpress\/ -->\n<title>Page d\u2019accueil -<\/title>\n<meta name=\"robots\" content=\"index, follow, max-snippet:-1, max-image-preview:large, max-video-preview:-1\" \/>\n<link rel=\"canonical\" href=\"https:\/\/pretspourdemain2026.com\/\" \/>\n<meta property=\"og:locale\" content=\"en_US\" \/>\n<meta property=\"og:type\" content=\"article\" \/>\n<meta property=\"og:title\" content=\"Page d\u2019accueil -\" \/>\n<meta property=\"og:description\" content=\"Trois piliers S\u00e9curit\u00e9 Pour une ville plus sure Syst\u00e8me de sant\u00e9 B\u00e2tir ensemble le nouvel h\u00f4pital et am\u00e9liorer l&#8217;acc\u00e8s aux [&hellip;]\" \/>\n<meta property=\"og:url\" content=\"https:\/\/pretspourdemain2026.com\/\" \/>\n<meta property=\"article:modified_time\" content=\"2026-02-04T13:42:25+00:00\" \/>\n<meta property=\"og:image\" content=\"http:\/\/pretspourdemain2026.com\/wp-content\/uploads\/2026\/01\/Capture-decran-2026-01-21-a-11.38.48.png\" \/>\n<meta name=\"twitter:card\" content=\"summary_large_image\" \/>\n<meta name=\"twitter:label1\" content=\"Est. reading time\" \/>\n\t<meta name=\"twitter:data1\" content=\"2 minutes\" \/>\n<script type=\"application\/ld+json\" class=\"yoast-schema-graph\">{\"@context\":\"https:\/\/schema.org\",\"@graph\":[{\"@type\":\"WebPage\",\"@id\":\"https:\/\/pretspourdemain2026.com\/\",\"url\":\"https:\/\/pretspourdemain2026.com\/\",\"name\":\"Page d\u2019accueil -\",\"isPartOf\":{\"@id\":\"https:\/\/pretspourdemain2026.com\/#website\"},\"primaryImageOfPage\":{\"@id\":\"https:\/\/pretspourdemain2026.com\/#primaryimage\"},\"image\":{\"@id\":\"https:\/\/pretspourdemain2026.com\/#primaryimage\"},\"thumbnailUrl\":\"http:\/\/pretspourdemain2026.com\/wp-content\/uploads\/2026\/01\/Capture-decran-2026-01-21-a-11.38.48.png\",\"datePublished\":\"2026-01-18T09:53:41+00:00\",\"dateModified\":\"2026-02-04T13:42:25+00:00\",\"breadcrumb\":{\"@id\":\"https:\/\/pretspourdemain2026.com\/#breadcrumb\"},\"inLanguage\":\"en-US\",\"potentialAction\":[{\"@type\":\"ReadAction\",\"target\":[\"https:\/\/pretspourdemain2026.com\/\"]}]},{\"@type\":\"ImageObject\",\"inLanguage\":\"en-US\",\"@id\":\"https:\/\/pretspourdemain2026.com\/#primaryimage\",\"url\":\"https:\/\/pretspourdemain2026.com\/wp-content\/uploads\/2026\/01\/Capture-decran-2026-01-21-a-11.38.48.png\",\"contentUrl\":\"https:\/\/pretspourdemain2026.com\/wp-content\/uploads\/2026\/01\/Capture-decran-2026-01-21-a-11.38.48.png\",\"width\":715,\"height\":100},{\"@type\":\"BreadcrumbList\",\"@id\":\"https:\/\/pretspourdemain2026.com\/#breadcrumb\",\"itemListElement\":[{\"@type\":\"ListItem\",\"position\":1,\"name\":\"Home\",\"item\":\"https:\/\/pretspourdemain2026.com\/\"},{\"@type\":\"ListItem\",\"position\":2,\"name\":\"Page d\u2019accueil\"}]},{\"@type\":\"WebSite\",\"@id\":\"https:\/\/pretspourdemain2026.com\/#website\",\"url\":\"https:\/\/pretspourdemain2026.com\/\",\"name\":\"\",\"description\":\"\",\"potentialAction\":[{\"@type\":\"SearchAction\",\"target\":{\"@type\":\"EntryPoint\",\"urlTemplate\":\"https:\/\/pretspourdemain2026.com\/?s={search_term_string}\"},\"query-input\":{\"@type\":\"PropertyValueSpecification\",\"valueRequired\":true,\"valueName\":\"search_term_string\"}}],\"inLanguage\":\"en-US\"}]}<\/script>\n<!-- \/ Yoast SEO plugin. -->","yoast_head_json":{"title":"Page d\u2019accueil -","robots":{"index":"index","follow":"follow","max-snippet":"max-snippet:-1","max-image-preview":"max-image-preview:large","max-video-preview":"max-video-preview:-1"},"canonical":"https:\/\/pretspourdemain2026.com\/","og_locale":"en_US","og_type":"article","og_title":"Page d\u2019accueil -","og_description":"Trois piliers S\u00e9curit\u00e9 Pour une ville plus sure Syst\u00e8me de sant\u00e9 B\u00e2tir ensemble le nouvel h\u00f4pital et am\u00e9liorer l&#8217;acc\u00e8s aux [&hellip;]","og_url":"https:\/\/pretspourdemain2026.com\/","article_modified_time":"2026-02-04T13:42:25+00:00","og_image":[{"url":"http:\/\/pretspourdemain2026.com\/wp-content\/uploads\/2026\/01\/Capture-decran-2026-01-21-a-11.38.48.png","type":"","width":"","height":""}],"twitter_card":"summary_large_image","twitter_misc":{"Est. reading time":"2 minutes"},"schema":{"@context":"https:\/\/schema.org","@graph":[{"@type":"WebPage","@id":"https:\/\/pretspourdemain2026.com\/","url":"https:\/\/pretspourdemain2026.com\/","name":"Page d\u2019accueil -","isPartOf":{"@id":"https:\/\/pretspourdemain2026.com\/#website"},"primaryImageOfPage":{"@id":"https:\/\/pretspourdemain2026.com\/#primaryimage"},"image":{"@id":"https:\/\/pretspourdemain2026.com\/#primaryimage"},"thumbnailUrl":"http:\/\/pretspourdemain2026.com\/wp-content\/uploads\/2026\/01\/Capture-decran-2026-01-21-a-11.38.48.png","datePublished":"2026-01-18T09:53:41+00:00","dateModified":"2026-02-04T13:42:25+00:00","breadcrumb":{"@id":"https:\/\/pretspourdemain2026.com\/#breadcrumb"},"inLanguage":"en-US","potentialAction":[{"@type":"ReadAction","target":["https:\/\/pretspourdemain2026.com\/"]}]},{"@type":"ImageObject","inLanguage":"en-US","@id":"https:\/\/pretspourdemain2026.com\/#primaryimage","url":"https:\/\/pretspourdemain2026.com\/wp-content\/uploads\/2026\/01\/Capture-decran-2026-01-21-a-11.38.48.png","contentUrl":"https:\/\/pretspourdemain2026.com\/wp-content\/uploads\/2026\/01\/Capture-decran-2026-01-21-a-11.38.48.png","width":715,"height":100},{"@type":"BreadcrumbList","@id":"https:\/\/pretspourdemain2026.com\/#breadcrumb","itemListElement":[{"@type":"ListItem","position":1,"name":"Home","item":"https:\/\/pretspourdemain2026.com\/"},{"@type":"ListItem","position":2,"name":"Page d\u2019accueil"}]},{"@type":"WebSite","@id":"https:\/\/pretspourdemain2026.com\/#website","url":"https:\/\/pretspourdemain2026.com\/","name":"","description":"","potentialAction":[{"@type":"SearchAction","target":{"@type":"EntryPoint","urlTemplate":"https:\/\/pretspourdemain2026.com\/?s={search_term_string}"},"query-input":{"@type":"PropertyValueSpecification","valueRequired":true,"valueName":"search_term_string"}}],"inLanguage":"en-US"}]}},"_links":{"self":[{"href":"https:\/\/pretspourdemain2026.com\/index.php\/wp-json\/wp\/v2\/pages\/16","targetHints":{"allow":["GET"]}}],"collection":[{"href":"https:\/\/pretspourdemain2026.com\/index.php\/wp-json\/wp\/v2\/pages"}],"about":[{"href":"https:\/\/pretspourdemain2026.com\/index.php\/wp-json\/wp\/v2\/types\/page"}],"author":[{"embeddable":true,"href":"https:\/\/pretspourdemain2026.com\/index.php\/wp-json\/wp\/v2\/users\/1"}],"replies":[{"embeddable":true,"href":"https:\/\/pretspourdemain2026.com\/index.php\/wp-json\/wp\/v2\/comments?post=16"}],"version-history":[{"count":59,"href":"https:\/\/pretspourdemain2026.com\/index.php\/wp-json\/wp\/v2\/pages\/16\/revisions"}],"predecessor-version":[{"id":335,"href":"https:\/\/pretspourdemain2026.com\/index.php\/wp-json\/wp\/v2\/pages\/16\/revisions\/335"}],"wp:attachment":[{"href":"https:\/\/pretspourdemain2026.com\/index.php\/wp-json\/wp\/v2\/media?parent=16"}],"curies":[{"name":"wp","href":"https:\/\/api.w.org\/{rel}","templated":true}]}}