{"id":85,"date":"2026-01-19T07:36:57","date_gmt":"2026-01-19T07:36:57","guid":{"rendered":"https:\/\/pretspourdemain2026.com\/?page_id=85"},"modified":"2026-01-21T09:38:15","modified_gmt":"2026-01-21T09:38:15","slug":"actualites-et-terrain","status":"publish","type":"page","link":"https:\/\/pretspourdemain2026.com\/index.php\/actualites-et-terrain\/","title":{"rendered":"Actualit\u00e9s et terrain"},"content":{"rendered":"\n<div class=\"wp-block-media-text is-stacked-on-mobile\" style=\"grid-template-columns:19% auto\"><figure class=\"wp-block-media-text__media\"><img loading=\"lazy\" decoding=\"async\" width=\"716\" height=\"1024\" src=\"http:\/\/pretspourdemain2026.com\/wp-content\/uploads\/2026\/01\/flyer-ppd-716x1024.jpg\" alt=\"\" class=\"wp-image-135 size-full\" srcset=\"https:\/\/pretspourdemain2026.com\/wp-content\/uploads\/2026\/01\/flyer-ppd-716x1024.jpg 716w, https:\/\/pretspourdemain2026.com\/wp-content\/uploads\/2026\/01\/flyer-ppd-210x300.jpg 210w, https:\/\/pretspourdemain2026.com\/wp-content\/uploads\/2026\/01\/flyer-ppd-768x1099.jpg 768w, https:\/\/pretspourdemain2026.com\/wp-content\/uploads\/2026\/01\/flyer-ppd.jpg 959w\" sizes=\"auto, (max-width: 716px) 100vw, 716px\" \/><\/figure><div class=\"wp-block-media-text__content\">\n<p>La premi\u00e8re r\u00e9union publique et pr\u00e9sentation de l liste aura lieu le jeudi 29 janvier au Complexe Marie-Louise 321, avenue de Paris, 82000 Montauban. <\/p>\n<\/div><\/div>\n\n\n\n<div class=\"wp-block-media-text is-stacked-on-mobile\" style=\"grid-template-columns:19% auto\"><figure class=\"wp-block-media-text__media\"><img loading=\"lazy\" decoding=\"async\" width=\"683\" height=\"1024\" src=\"http:\/\/pretspourdemain2026.com\/wp-content\/uploads\/2026\/01\/BX0A6299-683x1024.jpg\" alt=\"\" class=\"wp-image-107 size-full\" srcset=\"https:\/\/pretspourdemain2026.com\/wp-content\/uploads\/2026\/01\/BX0A6299-683x1024.jpg 683w, https:\/\/pretspourdemain2026.com\/wp-content\/uploads\/2026\/01\/BX0A6299-200x300.jpg 200w, https:\/\/pretspourdemain2026.com\/wp-content\/uploads\/2026\/01\/BX0A6299-768x1152.jpg 768w, https:\/\/pretspourdemain2026.com\/wp-content\/uploads\/2026\/01\/BX0A6299-1024x1536.jpg 1024w, https:\/\/pretspourdemain2026.com\/wp-content\/uploads\/2026\/01\/BX0A6299-1365x2048.jpg 1365w, https:\/\/pretspourdemain2026.com\/wp-content\/uploads\/2026\/01\/BX0A6299-scaled.jpg 1707w\" sizes=\"auto, (max-width: 683px) 100vw, 683px\" \/><\/figure><div class=\"wp-block-media-text__content\">\n<p>Les \u00e9quipes se mobilisent pour discuter au plus proche de la population et de ses besoins. Distribution de tracts sur les march\u00e9s de Montauban, discussion avec les habitants. <\/p>\n<\/div><\/div>\n\n\n\n<div class=\"wp-block-columns is-layout-flex wp-container-core-columns-is-layout-28f84493 wp-block-columns-is-layout-flex\">\n<div class=\"wp-block-column is-layout-flow wp-block-column-is-layout-flow\">\n<figure class=\"wp-block-embed is-type-video is-provider-tiktok wp-block-embed-tiktok\"><div class=\"wp-block-embed__wrapper\">\n<blockquote class=\"tiktok-embed\" cite=\"https:\/\/www.tiktok.com\/@thierrydeville2026\/video\/7595969512411893014\" data-video-id=\"7595969512411893014\" data-embed-from=\"oembed\" style=\"max-width:605px; min-width:325px;\"> <section> <a target=\"_blank\" title=\"@thierrydeville2026\" href=\"https:\/\/www.tiktok.com\/@thierrydeville2026?refer=embed\">@thierrydeville2026<\/a> <p>Thierry DEVILLE &#8211; Le bilan On ne peut pas signer un match qu\u2019on n\u2019a pas jou\u00e9. Je rappelle une \u00e9vidence : le bilan 2020-2025 appartient \u00e0 ceux qui \u00e9taient aux manettes, pas \u00e0 ceux qui regardaient depuis le canap\u00e9 avec les chaussons.<\/p> <a target=\"_blank\" title=\"\u266c son original - Thierry Deville 2026 - Thierry Deville 2026\" href=\"https:\/\/www.tiktok.com\/music\/son-original-Thierry-Deville-2026-7595969550026427158?refer=embed\">\u266c son original &#8211; Thierry Deville 2026 &#8211; Thierry Deville 2026<\/a> <\/section> <\/blockquote> <script async src=\"https:\/\/www.tiktok.com\/embed.js\"><\/script>\n<\/div><\/figure>\n<\/div>\n\n\n\n<div class=\"wp-block-column is-layout-flow wp-block-column-is-layout-flow\">\n<figure class=\"wp-block-embed is-type-video is-provider-tiktok wp-block-embed-tiktok\"><div class=\"wp-block-embed__wrapper\">\n<blockquote class=\"tiktok-embed\" cite=\"https:\/\/www.tiktok.com\/@thierrydeville2026\/video\/7597487770264833282\" data-video-id=\"7597487770264833282\" data-embed-from=\"oembed\" style=\"max-width:605px; min-width:325px;\"> <section> <a target=\"_blank\" title=\"@thierrydeville2026\" href=\"https:\/\/www.tiktok.com\/@thierrydeville2026?refer=embed\">@thierrydeville2026<\/a> <p>\ud83c\udfac Ils font la liste. Ils font le projet. Poursuivons notre s\u00e9rie de pr\u00e9sentation des femmes et des hommes qui s\u2019engagent pour Montauban et son avenir. Aujourd\u2019hui, Sabine. Travailler au sein d\u2019un service d\u2019acc\u00e8s aux droits et aux soins de l\u2019Assurance Maladie, c\u2019est d\u2019abord \u00eatre tourn\u00e9e vers les autres. Chaque jour, Sabine met son \u00e9nergie au service de celles et ceux dont le parcours est marqu\u00e9 par des difficult\u00e9s administratives, sociales ou financi\u00e8res. Son engagement, c\u2019est une r\u00e9activit\u00e9 concr\u00e8te et une capacit\u00e9 \u00e0 aller vers les publics les plus fragiles : \u00e9couter, expliquer, simplifier, accompagner pas \u00e0 pas des d\u00e9marches souvent complexes. Adjointe au maire d\u00e9l\u00e9gu\u00e9e \u00e0 la politique des seniors, elle s\u2019est pleinement investie aupr\u00e8s des a\u00een\u00e9s. Gr\u00e2ce au travail du p\u00f4le seniors et \u00e0 une action transversale, Montauban a obtenu le label \u201cVille amie des a\u00een\u00e9s\u201d, reconnaissance d\u2019une politique attentive au grand \u00e2ge. Pour Sabine, l\u2019int\u00e9r\u00eat g\u00e9n\u00e9ral n\u2019est pas un mot de circonstance : c\u2019est son ADN familial. Son p\u00e8re Amar, entre autres \u00e9ducateur au Montauban Football Club, puis adjoint en 2001, lui a transmis ce sens du service. La c\u00f4toyer, c\u2019est se sentir important, tant elle sait s\u2019effacer pour faire exister l\u2019autre. Anim\u00e9e par des valeurs de solidarit\u00e9 et d\u2019\u00e9quit\u00e9, Sabine d\u00e9fend une ville plus humaine et plus accessible, o\u00f9 la relation avec les habitants est une pratique quotidienne. Une collectivit\u00e9 se juge \u00e0 la mani\u00e8re dont elle prend soin des plus vuln\u00e9rables. <a title=\"municipales2026\" target=\"_blank\" href=\"https:\/\/www.tiktok.com\/tag\/municipales2026?refer=embed\">#municipales2026<\/a> <a title=\"pretspourdemain\" target=\"_blank\" href=\"https:\/\/www.tiktok.com\/tag\/pretspourdemain?refer=embed\">#pretspourdemain<\/a><\/p> <a target=\"_blank\" title=\"\u266c son original - Thierry Deville 2026 - Thierry Deville 2026\" href=\"https:\/\/www.tiktok.com\/music\/son-original-Thierry-Deville-2026-7597487804389608214?refer=embed\">\u266c son original &#8211; Thierry Deville 2026 &#8211; Thierry Deville 2026<\/a> <\/section> <\/blockquote> <script async src=\"https:\/\/www.tiktok.com\/embed.js\"><\/script>\n<\/div><\/figure>\n<\/div>\n\n\n\n<div class=\"wp-block-column is-layout-flow wp-block-column-is-layout-flow\">\n<figure class=\"wp-block-embed is-type-video is-provider-tiktok wp-block-embed-tiktok\"><div class=\"wp-block-embed__wrapper\">\n<blockquote class=\"tiktok-embed\" cite=\"https:\/\/www.tiktok.com\/@thierrydeville2026\/video\/7594092350473850134\" data-video-id=\"7594092350473850134\" data-embed-from=\"oembed\" style=\"max-width:605px; min-width:325px;\"> <section> <a target=\"_blank\" title=\"@thierrydeville2026\" href=\"https:\/\/www.tiktok.com\/@thierrydeville2026?refer=embed\">@thierrydeville2026<\/a> <p>Place \u00e0 mon ami, Bernard P\u00e9cou, qui parle de valeurs qui lui sont ch\u00e8res, r\u00e9publicaines d&#8217;abord, de constance et de respect des institutions d\u00e9mocratiques, ensuite. Bernard revient sur notre collaboration depuis de longues ann\u00e9es, qui a permis de fa\u00e7onner, au fil des ans, une m\u00e9thode de gouvernance, respectueuse et \u00e0 l&#8217;\u00e9coute, incarn\u00e9e \u00e0 pr\u00e9sent par toute l&#8217;\u00e9quipe de &#8220;Pr\u00eats pour demain&#8221;. Les mots de Bernard \u00e0 d\u00e9couvrir sans attendre \u2935\ufe0f <a title=\"pretspourdemain\" target=\"_blank\" href=\"https:\/\/www.tiktok.com\/tag\/pretspourdemain?refer=embed\">#PretsPourDemain<\/a> <a title=\"municipales2026\" target=\"_blank\" href=\"https:\/\/www.tiktok.com\/tag\/municipales2026?refer=embed\">#municipales2026<\/a><\/p> <a target=\"_blank\" title=\"\u266c son original - Thierry Deville 2026 - Thierry Deville 2026\" href=\"https:\/\/www.tiktok.com\/music\/son-original-Thierry-Deville-2026-7594092386096007958?refer=embed\">\u266c son original &#8211; Thierry Deville 2026 &#8211; Thierry Deville 2026<\/a> <\/section> <\/blockquote> <script async src=\"https:\/\/www.tiktok.com\/embed.js\"><\/script>\n<\/div><\/figure>\n<\/div>\n<\/div>\n","protected":false},"excerpt":{"rendered":"<p>La premi\u00e8re r\u00e9union publique et pr\u00e9sentation de l liste aura lieu le jeudi 29 janvier au Complexe Marie-Louise 321, avenue [&hellip;]<\/p>\n","protected":false},"author":1,"featured_media":0,"parent":0,"menu_order":0,"comment_status":"closed","ping_status":"closed","template":"","meta":{"site-sidebar-layout":"default","site-content-layout":"","ast-site-content-layout":"default","site-content-style":"default","site-sidebar-style":"default","ast-global-header-display":"","ast-banner-title-visibility":"","ast-main-header-display":"","ast-hfb-above-header-display":"","ast-hfb-below-header-display":"","ast-hfb-mobile-header-display":"","site-post-title":"","ast-breadcrumbs-content":"","ast-featured-img":"","footer-sml-layout":"","ast-disable-related-posts":"","theme-transparent-header-meta":"","adv-header-id-meta":"","stick-header-meta":"","header-above-stick-meta":"","header-main-stick-meta":"","header-below-stick-meta":"","astra-migrate-meta-layouts":"default","ast-page-background-enabled":"default","ast-page-background-meta":{"desktop":{"background-color":"var(--ast-global-color-5)","background-image":"","background-repeat":"repeat","background-position":"center center","background-size":"auto","background-attachment":"scroll","background-type":"","background-media":"","overlay-type":"","overlay-color":"","overlay-opacity":"","overlay-gradient":""},"tablet":{"background-color":"","background-image":"","background-repeat":"repeat","background-position":"center center","background-size":"auto","background-attachment":"scroll","background-type":"","background-media":"","overlay-type":"","overlay-color":"","overlay-opacity":"","overlay-gradient":""},"mobile":{"background-color":"","background-image":"","background-repeat":"repeat","background-position":"center center","background-size":"auto","background-attachment":"scroll","background-type":"","background-media":"","overlay-type":"","overlay-color":"","overlay-opacity":"","overlay-gradient":""}},"ast-content-background-meta":{"desktop":{"background-color":"var(--ast-global-color-4)","background-image":"","background-repeat":"repeat","background-position":"center center","background-size":"auto","background-attachment":"scroll","background-type":"","background-media":"","overlay-type":"","overlay-color":"","overlay-opacity":"","overlay-gradient":""},"tablet":{"background-color":"var(--ast-global-color-4)","background-image":"","background-repeat":"repeat","background-position":"center center","background-size":"auto","background-attachment":"scroll","background-type":"","background-media":"","overlay-type":"","overlay-color":"","overlay-opacity":"","overlay-gradient":""},"mobile":{"background-color":"var(--ast-global-color-4)","background-image":"","background-repeat":"repeat","background-position":"center center","background-size":"auto","background-attachment":"scroll","background-type":"","background-media":"","overlay-type":"","overlay-color":"","overlay-opacity":"","overlay-gradient":""}},"footnotes":""},"class_list":["post-85","page","type-page","status-publish","hentry"],"yoast_head":"<!-- This site is optimized with the Yoast SEO plugin v26.8 - https:\/\/yoast.com\/product\/yoast-seo-wordpress\/ -->\n<title>Actualit\u00e9s et terrain -<\/title>\n<meta name=\"robots\" content=\"index, follow, max-snippet:-1, max-image-preview:large, max-video-preview:-1\" \/>\n<link rel=\"canonical\" href=\"https:\/\/pretspourdemain2026.com\/index.php\/actualites-et-terrain\/\" \/>\n<meta property=\"og:locale\" content=\"en_US\" \/>\n<meta property=\"og:type\" content=\"article\" \/>\n<meta property=\"og:title\" content=\"Actualit\u00e9s et terrain -\" \/>\n<meta property=\"og:description\" content=\"La premi\u00e8re r\u00e9union publique et pr\u00e9sentation de l liste aura lieu le jeudi 29 janvier au Complexe Marie-Louise 321, avenue [&hellip;]\" \/>\n<meta property=\"og:url\" content=\"https:\/\/pretspourdemain2026.com\/index.php\/actualites-et-terrain\/\" \/>\n<meta property=\"article:modified_time\" content=\"2026-01-21T09:38:15+00:00\" \/>\n<meta property=\"og:image\" content=\"http:\/\/pretspourdemain2026.com\/wp-content\/uploads\/2026\/01\/flyer-ppd-716x1024.jpg\" \/>\n<meta name=\"twitter:card\" content=\"summary_large_image\" \/>\n<script type=\"application\/ld+json\" class=\"yoast-schema-graph\">{\"@context\":\"https:\/\/schema.org\",\"@graph\":[{\"@type\":\"WebPage\",\"@id\":\"https:\/\/pretspourdemain2026.com\/index.php\/actualites-et-terrain\/\",\"url\":\"https:\/\/pretspourdemain2026.com\/index.php\/actualites-et-terrain\/\",\"name\":\"Actualit\u00e9s et terrain -\",\"isPartOf\":{\"@id\":\"https:\/\/pretspourdemain2026.com\/#website\"},\"primaryImageOfPage\":{\"@id\":\"https:\/\/pretspourdemain2026.com\/index.php\/actualites-et-terrain\/#primaryimage\"},\"image\":{\"@id\":\"https:\/\/pretspourdemain2026.com\/index.php\/actualites-et-terrain\/#primaryimage\"},\"thumbnailUrl\":\"http:\/\/pretspourdemain2026.com\/wp-content\/uploads\/2026\/01\/flyer-ppd-716x1024.jpg\",\"datePublished\":\"2026-01-19T07:36:57+00:00\",\"dateModified\":\"2026-01-21T09:38:15+00:00\",\"breadcrumb\":{\"@id\":\"https:\/\/pretspourdemain2026.com\/index.php\/actualites-et-terrain\/#breadcrumb\"},\"inLanguage\":\"en-US\",\"potentialAction\":[{\"@type\":\"ReadAction\",\"target\":[\"https:\/\/pretspourdemain2026.com\/index.php\/actualites-et-terrain\/\"]}]},{\"@type\":\"ImageObject\",\"inLanguage\":\"en-US\",\"@id\":\"https:\/\/pretspourdemain2026.com\/index.php\/actualites-et-terrain\/#primaryimage\",\"url\":\"https:\/\/pretspourdemain2026.com\/wp-content\/uploads\/2026\/01\/flyer-ppd.jpg\",\"contentUrl\":\"https:\/\/pretspourdemain2026.com\/wp-content\/uploads\/2026\/01\/flyer-ppd.jpg\",\"width\":959,\"height\":1372},{\"@type\":\"BreadcrumbList\",\"@id\":\"https:\/\/pretspourdemain2026.com\/index.php\/actualites-et-terrain\/#breadcrumb\",\"itemListElement\":[{\"@type\":\"ListItem\",\"position\":1,\"name\":\"Home\",\"item\":\"https:\/\/pretspourdemain2026.com\/\"},{\"@type\":\"ListItem\",\"position\":2,\"name\":\"Actualit\u00e9s et terrain\"}]},{\"@type\":\"WebSite\",\"@id\":\"https:\/\/pretspourdemain2026.com\/#website\",\"url\":\"https:\/\/pretspourdemain2026.com\/\",\"name\":\"\",\"description\":\"\",\"potentialAction\":[{\"@type\":\"SearchAction\",\"target\":{\"@type\":\"EntryPoint\",\"urlTemplate\":\"https:\/\/pretspourdemain2026.com\/?s={search_term_string}\"},\"query-input\":{\"@type\":\"PropertyValueSpecification\",\"valueRequired\":true,\"valueName\":\"search_term_string\"}}],\"inLanguage\":\"en-US\"}]}<\/script>\n<!-- \/ Yoast SEO plugin. -->","yoast_head_json":{"title":"Actualit\u00e9s et terrain -","robots":{"index":"index","follow":"follow","max-snippet":"max-snippet:-1","max-image-preview":"max-image-preview:large","max-video-preview":"max-video-preview:-1"},"canonical":"https:\/\/pretspourdemain2026.com\/index.php\/actualites-et-terrain\/","og_locale":"en_US","og_type":"article","og_title":"Actualit\u00e9s et terrain -","og_description":"La premi\u00e8re r\u00e9union publique et pr\u00e9sentation de l liste aura lieu le jeudi 29 janvier au Complexe Marie-Louise 321, avenue [&hellip;]","og_url":"https:\/\/pretspourdemain2026.com\/index.php\/actualites-et-terrain\/","article_modified_time":"2026-01-21T09:38:15+00:00","og_image":[{"url":"http:\/\/pretspourdemain2026.com\/wp-content\/uploads\/2026\/01\/flyer-ppd-716x1024.jpg","type":"","width":"","height":""}],"twitter_card":"summary_large_image","schema":{"@context":"https:\/\/schema.org","@graph":[{"@type":"WebPage","@id":"https:\/\/pretspourdemain2026.com\/index.php\/actualites-et-terrain\/","url":"https:\/\/pretspourdemain2026.com\/index.php\/actualites-et-terrain\/","name":"Actualit\u00e9s et terrain -","isPartOf":{"@id":"https:\/\/pretspourdemain2026.com\/#website"},"primaryImageOfPage":{"@id":"https:\/\/pretspourdemain2026.com\/index.php\/actualites-et-terrain\/#primaryimage"},"image":{"@id":"https:\/\/pretspourdemain2026.com\/index.php\/actualites-et-terrain\/#primaryimage"},"thumbnailUrl":"http:\/\/pretspourdemain2026.com\/wp-content\/uploads\/2026\/01\/flyer-ppd-716x1024.jpg","datePublished":"2026-01-19T07:36:57+00:00","dateModified":"2026-01-21T09:38:15+00:00","breadcrumb":{"@id":"https:\/\/pretspourdemain2026.com\/index.php\/actualites-et-terrain\/#breadcrumb"},"inLanguage":"en-US","potentialAction":[{"@type":"ReadAction","target":["https:\/\/pretspourdemain2026.com\/index.php\/actualites-et-terrain\/"]}]},{"@type":"ImageObject","inLanguage":"en-US","@id":"https:\/\/pretspourdemain2026.com\/index.php\/actualites-et-terrain\/#primaryimage","url":"https:\/\/pretspourdemain2026.com\/wp-content\/uploads\/2026\/01\/flyer-ppd.jpg","contentUrl":"https:\/\/pretspourdemain2026.com\/wp-content\/uploads\/2026\/01\/flyer-ppd.jpg","width":959,"height":1372},{"@type":"BreadcrumbList","@id":"https:\/\/pretspourdemain2026.com\/index.php\/actualites-et-terrain\/#breadcrumb","itemListElement":[{"@type":"ListItem","position":1,"name":"Home","item":"https:\/\/pretspourdemain2026.com\/"},{"@type":"ListItem","position":2,"name":"Actualit\u00e9s et terrain"}]},{"@type":"WebSite","@id":"https:\/\/pretspourdemain2026.com\/#website","url":"https:\/\/pretspourdemain2026.com\/","name":"","description":"","potentialAction":[{"@type":"SearchAction","target":{"@type":"EntryPoint","urlTemplate":"https:\/\/pretspourdemain2026.com\/?s={search_term_string}"},"query-input":{"@type":"PropertyValueSpecification","valueRequired":true,"valueName":"search_term_string"}}],"inLanguage":"en-US"}]}},"_links":{"self":[{"href":"https:\/\/pretspourdemain2026.com\/index.php\/wp-json\/wp\/v2\/pages\/85","targetHints":{"allow":["GET"]}}],"collection":[{"href":"https:\/\/pretspourdemain2026.com\/index.php\/wp-json\/wp\/v2\/pages"}],"about":[{"href":"https:\/\/pretspourdemain2026.com\/index.php\/wp-json\/wp\/v2\/types\/page"}],"author":[{"embeddable":true,"href":"https:\/\/pretspourdemain2026.com\/index.php\/wp-json\/wp\/v2\/users\/1"}],"replies":[{"embeddable":true,"href":"https:\/\/pretspourdemain2026.com\/index.php\/wp-json\/wp\/v2\/comments?post=85"}],"version-history":[{"count":5,"href":"https:\/\/pretspourdemain2026.com\/index.php\/wp-json\/wp\/v2\/pages\/85\/revisions"}],"predecessor-version":[{"id":157,"href":"https:\/\/pretspourdemain2026.com\/index.php\/wp-json\/wp\/v2\/pages\/85\/revisions\/157"}],"wp:attachment":[{"href":"https:\/\/pretspourdemain2026.com\/index.php\/wp-json\/wp\/v2\/media?parent=85"}],"curies":[{"name":"wp","href":"https:\/\/api.w.org\/{rel}","templated":true}]}}